{"id":6507,"date":"2023-10-04T14:49:07","date_gmt":"2023-10-04T14:49:07","guid":{"rendered":"https:\/\/www.digital-selection.com\/politique-de-confidentialite\/"},"modified":"2023-10-04T15:05:33","modified_gmt":"2023-10-04T15:05:33","slug":"politique-de-confidentialite","status":"publish","type":"page","link":"https:\/\/www.digital-selection.com\/fr\/politique-de-confidentialite\/","title":{"rendered":"POLITIQUE DE CONFIDENTIALIT\u00c9"},"content":{"rendered":"\t\t<div data-elementor-type=\"wp-page\" data-elementor-id=\"6507\" class=\"elementor elementor-6507 elementor-6470\" data-elementor-post-type=\"page\">\n\t\t\t\t\t\t<section class=\"elementor-section elementor-top-section elementor-element elementor-element-4d6f01f5 elementor-section-content-middle elementor-section-boxed elementor-section-height-default elementor-section-height-default\" data-id=\"4d6f01f5\" data-element_type=\"section\" data-settings=\"{&quot;background_background&quot;:&quot;classic&quot;,&quot;_ha_eqh_enable&quot;:false}\">\n\t\t\t\t\t\t<div class=\"elementor-container elementor-column-gap-no\">\n\t\t\t\t\t<div class=\"elementor-column elementor-col-50 elementor-top-column elementor-element elementor-element-214cd06d\" data-id=\"214cd06d\" data-element_type=\"column\">\n\t\t\t<div class=\"elementor-widget-wrap elementor-element-populated\">\n\t\t\t\t\t\t<div class=\"elementor-element elementor-element-7c75076e elementor-widget-divider--view-line elementor-widget elementor-widget-divider\" data-id=\"7c75076e\" data-element_type=\"widget\" data-widget_type=\"divider.default\">\n\t\t\t\t<div class=\"elementor-widget-container\">\n\t\t\t\t\t<div class=\"elementor-divider\">\n\t\t\t<span class=\"elementor-divider-separator\">\n\t\t\t\t\t\t<\/span>\n\t\t<\/div>\n\t\t\t\t<\/div>\n\t\t\t\t<\/div>\n\t\t\t\t<div class=\"elementor-element elementor-element-e2b39c4 elementor-widget elementor-widget-heading\" data-id=\"e2b39c4\" data-element_type=\"widget\" data-widget_type=\"heading.default\">\n\t\t\t\t<div class=\"elementor-widget-container\">\n\t\t\t<h1 class=\"elementor-heading-title elementor-size-default\">POLITIQUE DE CONFIDENTIALIT\u00c9<\/h1>\t\t<\/div>\n\t\t\t\t<\/div>\n\t\t\t\t\t<\/div>\n\t\t<\/div>\n\t\t\t\t<div class=\"elementor-column elementor-col-50 elementor-top-column elementor-element elementor-element-107cebf5\" data-id=\"107cebf5\" data-element_type=\"column\">\n\t\t\t<div class=\"elementor-widget-wrap elementor-element-populated\">\n\t\t\t\t\t\t<div class=\"elementor-element elementor-element-04bd467 elementor-widget elementor-widget-text-editor\" data-id=\"04bd467\" data-element_type=\"widget\" data-widget_type=\"text-editor.default\">\n\t\t\t\t<div class=\"elementor-widget-container\">\n\t\t\t\t\t\t\tDigital Search and Selection SL est le propri\u00e9taire de la page web <a style=\"color: #f76630;\" href=\"https:\/\/www.digital-selection.com\/fr\/\" target=\"_blank\" rel=\"noopener\">&#8220;https:\/\/www.digital-selection.com<\/a>\u201d<\/p>\r\n\r\nPour toute question, suggestion ou r\u00e9clamation, l&#8217;utilisateur du site peut s&#8217;adresser aux bureaux de notre soci\u00e9t\u00e9 situ\u00e9s \u00e0 l&#8217;adresse susmentionn\u00e9e, ou \u00e0 l&#8217;adresse \u00e9lectronique <a style=\"color: #f76630;\" href=\"mailto:contact@digital-selection.com\" target=\"_blank\" rel=\"noopener\">contact@digital-selection.com.<\/a><\/p>\t\t\t\t\t\t<\/div>\n\t\t\t\t<\/div>\n\t\t\t\t<div class=\"elementor-element elementor-element-9cb2187 elementor-widget elementor-widget-heading\" data-id=\"9cb2187\" data-element_type=\"widget\" data-widget_type=\"heading.default\">\n\t\t\t\t<div class=\"elementor-widget-container\">\n\t\t\t<h2 class=\"elementor-heading-title elementor-size-default\">Propri\u00e9t\u00e9 <strong style=\"color: #f76630\"> intellectuelle  <\/strong><\/h2>\t\t<\/div>\n\t\t\t\t<\/div>\n\t\t\t\t<div class=\"elementor-element elementor-element-d8de733 elementor-widget elementor-widget-text-editor\" data-id=\"d8de733\" data-element_type=\"widget\" data-widget_type=\"text-editor.default\">\n\t\t\t\t<div class=\"elementor-widget-container\">\n\t\t\t\t\t\t\t<p>Le site et chacun des \u00e9l\u00e9ments qui le composent sont prot\u00e9g\u00e9s par la loi sur la propri\u00e9t\u00e9 intellectuelle. Tous les droits de reproduction sont r\u00e9serv\u00e9s ainsi que les \u00e9l\u00e9ments iconographiques et photographiques.<br \/>\nSauf autorisation de Digital Search and Selection SL, il est interdit d&#8217;exploiter ces \u00e9l\u00e9ments et notamment de reproduire, repr\u00e9senter, modifier ou adapter tout ou partie du site, sauf autorisation, il est interdit de reproduire le logo ou des \u00e9l\u00e9ments du logo.<\/p>\n\t\t\t\t\t\t<\/div>\n\t\t\t\t<\/div>\n\t\t\t\t<div class=\"elementor-element elementor-element-7a9c7df elementor-widget elementor-widget-heading\" data-id=\"7a9c7df\" data-element_type=\"widget\" data-widget_type=\"heading.default\">\n\t\t\t\t<div class=\"elementor-widget-container\">\n\t\t\t<h2 class=\"elementor-heading-title elementor-size-default\">Politique de <strong style=\"color: #f76630\">  confidentialit\u00e9 <\/strong><\/h2>\t\t<\/div>\n\t\t\t\t<\/div>\n\t\t\t\t<div class=\"elementor-element elementor-element-e15efb5 elementor-widget elementor-widget-text-editor\" data-id=\"e15efb5\" data-element_type=\"widget\" data-widget_type=\"text-editor.default\">\n\t\t\t\t<div class=\"elementor-widget-container\">\n\t\t\t\t\t\t\t<p>L&#8217;entreprise fera tout son possible pour se conformer \u00e0 la loi 1cccc998 sur la protection des donn\u00e9es et s&#8217;engage \u00e0 prot\u00e9ger la vie priv\u00e9e de ses utilisateurs.<br \/>\nLes coordonn\u00e9es et autres d\u00e9tails tels que votre CV que vous fournissez dans le cadre du processus de candidature seront stock\u00e9s par nous et utilis\u00e9s pour vous fournir, \u00e0 vous, l&#8217;utilisateur, les informations que vous avez demand\u00e9es. Ces donn\u00e9es, ainsi que les donn\u00e9es statistiques enregistr\u00e9es, peuvent \u00eatre partag\u00e9es avec nos clients, mais ne sont pas divulgu\u00e9es \u00e0 des tiers, sauf si nous vendons tout ou partie de notre entreprise.<br \/>\nVotre adresse IP peut \u00eatre utilis\u00e9e pour r\u00e9soudre d&#8217;\u00e9ventuels probl\u00e8mes techniques avec le serveur et pour administrer notre site web. Elle sera \u00e9galement utilis\u00e9e pour recueillir des informations d\u00e9mographiques g\u00e9n\u00e9rales. Les cookies nous permettent de suivre vos recherches et expirent apr\u00e8s quelques minutes d&#8217;inactivit\u00e9. Ne permettez \u00e0 personne d&#8217;acc\u00e9der \u00e0 vos informations confidentielles.<\/p>\n\t\t\t\t\t\t<\/div>\n\t\t\t\t<\/div>\n\t\t\t\t<div class=\"elementor-element elementor-element-22b3177 elementor-widget elementor-widget-text-editor\" data-id=\"22b3177\" data-element_type=\"widget\" data-widget_type=\"text-editor.default\">\n\t\t\t\t<div class=\"elementor-widget-container\">\n\t\t\t\t\t\t\t<p>Si vous avez des questions concernant la clause de non-responsabilit\u00e9 ou la d\u00e9claration de confidentialit\u00e9, veuillez contacter :<\/p>\n\t\t\t\t\t\t<\/div>\n\t\t\t\t<\/div>\n\t\t\t\t<div class=\"elementor-element elementor-element-fde1c0b elementor-widget elementor-widget-text-editor\" data-id=\"fde1c0b\" data-element_type=\"widget\" data-widget_type=\"text-editor.default\">\n\t\t\t\t<div class=\"elementor-widget-container\">\n\t\t\t\t\t\t\tDIGITAL SEARCH AND SELECTION S.L<br>\r\n127-135 Calle Casp esc B 4-2<br>\r\n08013 Barcelona \u2013 Spain<br>\r\nCIF: B67180786<br>\r\nEmail :\u00a0<a style=\"color: #f76630;\" href=\"mailto:contact@digital-selection.com\" target=\"_blank\" rel=\"noopener\">contact@digital-selection.com<\/a><\/p>\t\t\t\t\t\t<\/div>\n\t\t\t\t<\/div>\n\t\t\t\t\t<\/div>\n\t\t<\/div>\n\t\t\t\t\t<\/div>\n\t\t<\/section>\n\t\t\t\t<\/div>\n\t\t","protected":false},"excerpt":{"rendered":"<p>POLITIQUE DE CONFIDENTIALIT\u00c9 Digital Search and Selection SL est le propri\u00e9taire de la page web &#8220;https:\/\/www.digital-selection.com\u201d Pour toute question, suggestion ou r\u00e9clamation, l&#8217;utilisateur du site peut s&#8217;adresser aux bureaux de notre soci\u00e9t\u00e9 situ\u00e9s \u00e0 l&#8217;adresse susmentionn\u00e9e, ou \u00e0 l&#8217;adresse \u00e9lectronique contact@digital-selection.com. Propri\u00e9t\u00e9 intellectuelle Le site et chacun des \u00e9l\u00e9ments qui le composent sont prot\u00e9g\u00e9s par [&hellip;]<\/p>\n","protected":false},"author":4,"featured_media":0,"parent":0,"menu_order":0,"comment_status":"closed","ping_status":"closed","template":"elementor_header_footer","meta":{"footnotes":""},"class_list":["post-6507","page","type-page","status-publish","hentry"],"acf":[],"yoast_head":"<!-- This site is optimized with the Yoast SEO plugin v23.6 - https:\/\/yoast.com\/wordpress\/plugins\/seo\/ -->\n<title>POLITIQUE DE CONFIDENTIALIT\u00c9 | Digital Selection<\/title>\n<meta name=\"description\" content=\"Digital Search and Selection SL est le propri\u00e9taire de la page web &quot;https:\/\/www.digital-selection.com&quot;. Pour toute question, suggestion ou plainte, l&#039;utilisateur du site peut s&#039;adresser aux bureaux de notre soci\u00e9t\u00e9.\" \/>\n<meta name=\"robots\" content=\"index, follow, max-snippet:-1, max-image-preview:large, max-video-preview:-1\" \/>\n<link rel=\"canonical\" href=\"https:\/\/www.digital-selection.com\/privacy-policy\/\" \/>\n<meta property=\"og:locale\" content=\"fr_FR\" \/>\n<meta property=\"og:type\" content=\"article\" \/>\n<meta property=\"og:title\" content=\"POLITIQUE DE CONFIDENTIALIT\u00c9 | Digital Selection\" \/>\n<meta property=\"og:description\" content=\"Digital Search and Selection SL est le propri\u00e9taire de la page web &quot;https:\/\/www.digital-selection.com&quot;. Pour toute question, suggestion ou plainte, l&#039;utilisateur du site peut s&#039;adresser aux bureaux de notre soci\u00e9t\u00e9.\" \/>\n<meta property=\"og:url\" content=\"https:\/\/www.digital-selection.com\/privacy-policy\/\" \/>\n<meta property=\"og:site_name\" content=\"Digital Selection\" \/>\n<meta property=\"article:modified_time\" content=\"2023-10-04T15:05:33+00:00\" \/>\n<meta name=\"twitter:card\" content=\"summary_large_image\" \/>\n<meta name=\"twitter:label1\" content=\"Est. reading time\" \/>\n\t<meta name=\"twitter:data1\" content=\"2 minutes\" \/>\n<script type=\"application\/ld+json\" class=\"yoast-schema-graph\">{\"@context\":\"https:\/\/schema.org\",\"@graph\":[{\"@type\":\"WebPage\",\"@id\":\"https:\/\/www.digital-selection.com\/privacy-policy\/\",\"url\":\"https:\/\/www.digital-selection.com\/privacy-policy\/\",\"name\":\"POLITIQUE DE CONFIDENTIALIT\u00c9 | Digital Selection\",\"isPartOf\":{\"@id\":\"https:\/\/www.digital-selection.com\/fr\/#website\"},\"datePublished\":\"2023-10-04T14:49:07+00:00\",\"dateModified\":\"2023-10-04T15:05:33+00:00\",\"description\":\"Digital Search and Selection SL est le propri\u00e9taire de la page web \\\"https:\/\/www.digital-selection.com\\\". Pour toute question, suggestion ou plainte, l'utilisateur du site peut s'adresser aux bureaux de notre soci\u00e9t\u00e9.\",\"breadcrumb\":{\"@id\":\"https:\/\/www.digital-selection.com\/privacy-policy\/#breadcrumb\"},\"inLanguage\":\"fr-FR\",\"potentialAction\":[{\"@type\":\"ReadAction\",\"target\":[\"https:\/\/www.digital-selection.com\/privacy-policy\/\"]}]},{\"@type\":\"BreadcrumbList\",\"@id\":\"https:\/\/www.digital-selection.com\/privacy-policy\/#breadcrumb\",\"itemListElement\":[{\"@type\":\"ListItem\",\"position\":1,\"name\":\"Home\",\"item\":\"https:\/\/www.digital-selection.com\/fr\/\"},{\"@type\":\"ListItem\",\"position\":2,\"name\":\"POLITIQUE DE CONFIDENTIALIT\u00c9\"}]},{\"@type\":\"WebSite\",\"@id\":\"https:\/\/www.digital-selection.com\/fr\/#website\",\"url\":\"https:\/\/www.digital-selection.com\/fr\/\",\"name\":\"Digital Selection\",\"description\":\"The experience to help companies and individuals thrive\",\"publisher\":{\"@id\":\"https:\/\/www.digital-selection.com\/fr\/#organization\"},\"potentialAction\":[{\"@type\":\"SearchAction\",\"target\":{\"@type\":\"EntryPoint\",\"urlTemplate\":\"https:\/\/www.digital-selection.com\/fr\/?s={search_term_string}\"},\"query-input\":{\"@type\":\"PropertyValueSpecification\",\"valueRequired\":true,\"valueName\":\"search_term_string\"}}],\"inLanguage\":\"fr-FR\"},{\"@type\":\"Organization\",\"@id\":\"https:\/\/www.digital-selection.com\/fr\/#organization\",\"name\":\"Digital Selection\",\"url\":\"https:\/\/www.digital-selection.com\/fr\/\",\"logo\":{\"@type\":\"ImageObject\",\"inLanguage\":\"fr-FR\",\"@id\":\"https:\/\/www.digital-selection.com\/fr\/#\/schema\/logo\/image\/\",\"url\":\"https:\/\/www.digital-selection.com\/wp-content\/uploads\/2020\/09\/favicon-1.png\",\"contentUrl\":\"https:\/\/www.digital-selection.com\/wp-content\/uploads\/2020\/09\/favicon-1.png\",\"width\":512,\"height\":512,\"caption\":\"Digital Selection\"},\"image\":{\"@id\":\"https:\/\/www.digital-selection.com\/fr\/#\/schema\/logo\/image\/\"},\"sameAs\":[\"https:\/\/www.linkedin.com\/company\/digital-selection\/\"]}]}<\/script>\n<!-- \/ Yoast SEO plugin. -->","yoast_head_json":{"title":"POLITIQUE DE CONFIDENTIALIT\u00c9 | Digital Selection","description":"Digital Search and Selection SL est le propri\u00e9taire de la page web \"https:\/\/www.digital-selection.com\". Pour toute question, suggestion ou plainte, l'utilisateur du site peut s'adresser aux bureaux de notre soci\u00e9t\u00e9.","robots":{"index":"index","follow":"follow","max-snippet":"max-snippet:-1","max-image-preview":"max-image-preview:large","max-video-preview":"max-video-preview:-1"},"canonical":"https:\/\/www.digital-selection.com\/privacy-policy\/","og_locale":"fr_FR","og_type":"article","og_title":"POLITIQUE DE CONFIDENTIALIT\u00c9 | Digital Selection","og_description":"Digital Search and Selection SL est le propri\u00e9taire de la page web \"https:\/\/www.digital-selection.com\". Pour toute question, suggestion ou plainte, l'utilisateur du site peut s'adresser aux bureaux de notre soci\u00e9t\u00e9.","og_url":"https:\/\/www.digital-selection.com\/privacy-policy\/","og_site_name":"Digital Selection","article_modified_time":"2023-10-04T15:05:33+00:00","twitter_card":"summary_large_image","twitter_misc":{"Est. reading time":"2 minutes"},"schema":{"@context":"https:\/\/schema.org","@graph":[{"@type":"WebPage","@id":"https:\/\/www.digital-selection.com\/privacy-policy\/","url":"https:\/\/www.digital-selection.com\/privacy-policy\/","name":"POLITIQUE DE CONFIDENTIALIT\u00c9 | Digital Selection","isPartOf":{"@id":"https:\/\/www.digital-selection.com\/fr\/#website"},"datePublished":"2023-10-04T14:49:07+00:00","dateModified":"2023-10-04T15:05:33+00:00","description":"Digital Search and Selection SL est le propri\u00e9taire de la page web \"https:\/\/www.digital-selection.com\". Pour toute question, suggestion ou plainte, l'utilisateur du site peut s'adresser aux bureaux de notre soci\u00e9t\u00e9.","breadcrumb":{"@id":"https:\/\/www.digital-selection.com\/privacy-policy\/#breadcrumb"},"inLanguage":"fr-FR","potentialAction":[{"@type":"ReadAction","target":["https:\/\/www.digital-selection.com\/privacy-policy\/"]}]},{"@type":"BreadcrumbList","@id":"https:\/\/www.digital-selection.com\/privacy-policy\/#breadcrumb","itemListElement":[{"@type":"ListItem","position":1,"name":"Home","item":"https:\/\/www.digital-selection.com\/fr\/"},{"@type":"ListItem","position":2,"name":"POLITIQUE DE CONFIDENTIALIT\u00c9"}]},{"@type":"WebSite","@id":"https:\/\/www.digital-selection.com\/fr\/#website","url":"https:\/\/www.digital-selection.com\/fr\/","name":"Digital Selection","description":"The experience to help companies and individuals thrive","publisher":{"@id":"https:\/\/www.digital-selection.com\/fr\/#organization"},"potentialAction":[{"@type":"SearchAction","target":{"@type":"EntryPoint","urlTemplate":"https:\/\/www.digital-selection.com\/fr\/?s={search_term_string}"},"query-input":{"@type":"PropertyValueSpecification","valueRequired":true,"valueName":"search_term_string"}}],"inLanguage":"fr-FR"},{"@type":"Organization","@id":"https:\/\/www.digital-selection.com\/fr\/#organization","name":"Digital Selection","url":"https:\/\/www.digital-selection.com\/fr\/","logo":{"@type":"ImageObject","inLanguage":"fr-FR","@id":"https:\/\/www.digital-selection.com\/fr\/#\/schema\/logo\/image\/","url":"https:\/\/www.digital-selection.com\/wp-content\/uploads\/2020\/09\/favicon-1.png","contentUrl":"https:\/\/www.digital-selection.com\/wp-content\/uploads\/2020\/09\/favicon-1.png","width":512,"height":512,"caption":"Digital Selection"},"image":{"@id":"https:\/\/www.digital-selection.com\/fr\/#\/schema\/logo\/image\/"},"sameAs":["https:\/\/www.linkedin.com\/company\/digital-selection\/"]}]}},"_links":{"self":[{"href":"https:\/\/www.digital-selection.com\/fr\/wp-json\/wp\/v2\/pages\/6507"}],"collection":[{"href":"https:\/\/www.digital-selection.com\/fr\/wp-json\/wp\/v2\/pages"}],"about":[{"href":"https:\/\/www.digital-selection.com\/fr\/wp-json\/wp\/v2\/types\/page"}],"author":[{"embeddable":true,"href":"https:\/\/www.digital-selection.com\/fr\/wp-json\/wp\/v2\/users\/4"}],"replies":[{"embeddable":true,"href":"https:\/\/www.digital-selection.com\/fr\/wp-json\/wp\/v2\/comments?post=6507"}],"version-history":[{"count":2,"href":"https:\/\/www.digital-selection.com\/fr\/wp-json\/wp\/v2\/pages\/6507\/revisions"}],"predecessor-version":[{"id":6532,"href":"https:\/\/www.digital-selection.com\/fr\/wp-json\/wp\/v2\/pages\/6507\/revisions\/6532"}],"wp:attachment":[{"href":"https:\/\/www.digital-selection.com\/fr\/wp-json\/wp\/v2\/media?parent=6507"}],"curies":[{"name":"wp","href":"https:\/\/api.w.org\/{rel}","templated":true}]}}