{"id":6509,"date":"2023-10-04T14:54:46","date_gmt":"2023-10-04T14:54:46","guid":{"rendered":"https:\/\/www.digital-selection.com\/politica-de-confidencialidad\/"},"modified":"2023-10-04T15:02:49","modified_gmt":"2023-10-04T15:02:49","slug":"politica-de-confidencialidad","status":"publish","type":"page","link":"https:\/\/www.digital-selection.com\/es\/politica-de-confidencialidad\/","title":{"rendered":"POL\u00cdTICA DE CONFIDENCIALIDAD"},"content":{"rendered":"\t\t<div data-elementor-type=\"wp-page\" data-elementor-id=\"6509\" class=\"elementor elementor-6509 elementor-6470\" data-elementor-post-type=\"page\">\n\t\t\t\t\t\t<section class=\"elementor-section elementor-top-section elementor-element elementor-element-4d6f01f5 elementor-section-content-middle elementor-section-boxed elementor-section-height-default elementor-section-height-default\" data-id=\"4d6f01f5\" data-element_type=\"section\" data-settings=\"{&quot;background_background&quot;:&quot;classic&quot;,&quot;_ha_eqh_enable&quot;:false}\">\n\t\t\t\t\t\t<div class=\"elementor-container elementor-column-gap-no\">\n\t\t\t\t\t<div class=\"elementor-column elementor-col-50 elementor-top-column elementor-element elementor-element-214cd06d\" data-id=\"214cd06d\" data-element_type=\"column\">\n\t\t\t<div class=\"elementor-widget-wrap elementor-element-populated\">\n\t\t\t\t\t\t<div class=\"elementor-element elementor-element-7c75076e elementor-widget-divider--view-line elementor-widget elementor-widget-divider\" data-id=\"7c75076e\" data-element_type=\"widget\" data-widget_type=\"divider.default\">\n\t\t\t\t<div class=\"elementor-widget-container\">\n\t\t\t\t\t<div class=\"elementor-divider\">\n\t\t\t<span class=\"elementor-divider-separator\">\n\t\t\t\t\t\t<\/span>\n\t\t<\/div>\n\t\t\t\t<\/div>\n\t\t\t\t<\/div>\n\t\t\t\t<div class=\"elementor-element elementor-element-e2b39c4 elementor-widget elementor-widget-heading\" data-id=\"e2b39c4\" data-element_type=\"widget\" data-widget_type=\"heading.default\">\n\t\t\t\t<div class=\"elementor-widget-container\">\n\t\t\t<h1 class=\"elementor-heading-title elementor-size-default\">POL\u00cdTICA DE CONFIDENCIALIDAD<\/h1>\t\t<\/div>\n\t\t\t\t<\/div>\n\t\t\t\t\t<\/div>\n\t\t<\/div>\n\t\t\t\t<div class=\"elementor-column elementor-col-50 elementor-top-column elementor-element elementor-element-107cebf5\" data-id=\"107cebf5\" data-element_type=\"column\">\n\t\t\t<div class=\"elementor-widget-wrap elementor-element-populated\">\n\t\t\t\t\t\t<div class=\"elementor-element elementor-element-04bd467 elementor-widget elementor-widget-text-editor\" data-id=\"04bd467\" data-element_type=\"widget\" data-widget_type=\"text-editor.default\">\n\t\t\t\t<div class=\"elementor-widget-container\">\n\t\t\t\t\t\t\tDigital Search and Selection SL es el titular de la p\u00e1gina web <a style=\"color: #f76630;\" href=\"https:\/\/www.digital-selection.com\/es\/\" target=\"_blank\" rel=\"noopener\"> &#8220;https:\/\/www.digital-selection.com<\/a>\u201d<\/p>\r\n\r\nPara cualquier consulta, sugerencia o queja el usuario de la p\u00e1gina web puede dirigirse a las oficinas de nuestra empresa indicadas en la direcci\u00f3n antes mencionada, o a la direcci\u00f3n de correo electr\u00f3nico <a style=\"color: #f76630;\" href=\"mailto:contact@digital-selection.com\" target=\"_blank\" rel=\"noopener\">contact@digital-selection.com<\/a><\/p>\t\t\t\t\t\t<\/div>\n\t\t\t\t<\/div>\n\t\t\t\t<div class=\"elementor-element elementor-element-9cb2187 elementor-widget elementor-widget-heading\" data-id=\"9cb2187\" data-element_type=\"widget\" data-widget_type=\"heading.default\">\n\t\t\t\t<div class=\"elementor-widget-container\">\n\t\t\t<h2 class=\"elementor-heading-title elementor-size-default\">Propiedad <strong style=\"color: #f76630\"> intelectual  <\/strong><\/h2>\t\t<\/div>\n\t\t\t\t<\/div>\n\t\t\t\t<div class=\"elementor-element elementor-element-d8de733 elementor-widget elementor-widget-text-editor\" data-id=\"d8de733\" data-element_type=\"widget\" data-widget_type=\"text-editor.default\">\n\t\t\t\t<div class=\"elementor-widget-container\">\n\t\t\t\t\t\t\t<p>El sitio y cada uno de los elementos que lo componen est\u00e1n protegidos por la Ley de Propiedad Intelectual. Quedan reservados todos los derechos de reproducci\u00f3n as\u00ed como los elementos iconogr\u00e1ficos y fotogr\u00e1ficos.<br \/>\nA menos que el usuario est\u00e9 autorizado por Digital Search and Selection SL, queda prohibida la explotaci\u00f3n de dichos elementos y, en concreto, la reproducci\u00f3n, representaci\u00f3n, modificaci\u00f3n o adaptaci\u00f3n de todo el sitio o de parte de \u00e9l, excepto si se autoriza la reproducci\u00f3n del logotipo o de partes de \u00e9l.<\/p>\n\t\t\t\t\t\t<\/div>\n\t\t\t\t<\/div>\n\t\t\t\t<div class=\"elementor-element elementor-element-7a9c7df elementor-widget elementor-widget-heading\" data-id=\"7a9c7df\" data-element_type=\"widget\" data-widget_type=\"heading.default\">\n\t\t\t\t<div class=\"elementor-widget-container\">\n\t\t\t<h2 class=\"elementor-heading-title elementor-size-default\">Pol\u00edtica  <strong style=\"color: #f76630\"> de confidencialidad<\/strong><\/h2>\t\t<\/div>\n\t\t\t\t<\/div>\n\t\t\t\t<div class=\"elementor-element elementor-element-e15efb5 elementor-widget elementor-widget-text-editor\" data-id=\"e15efb5\" data-element_type=\"widget\" data-widget_type=\"text-editor.default\">\n\t\t\t\t<div class=\"elementor-widget-container\">\n\t\t\t\t\t\t\t<p>La Empresa har\u00e1 todo lo posible por cumplir la Ley 1cccc998 de Protecci\u00f3n de Datos y est\u00e1 comprometida con la protecci\u00f3n y privacidad de nuestros usuarios.<br \/>\nLos datos de contacto y otros detalles, como su CV, que proporcione como parte del proceso de solicitud ser\u00e1n almacenados por nosotros y utilizados para proporcionarle a usted, el Usuario, la informaci\u00f3n que ha solicitado. Estos datos, as\u00ed como los datos estad\u00edsticos registrados, podr\u00e1n compartirse con nuestros clientes, pero no se revelar\u00e1n a terceros, excepto si vendemos la totalidad o parte de nuestra empresa.<br \/>\nSu direcci\u00f3n IP puede ser utilizada para ayudar con cualquier problema t\u00e9cnico con el servidor, y para administrar nuestro Sitio Web. Tambi\u00e9n se utilizar\u00e1 para recopilar informaci\u00f3n demogr\u00e1fica general. Las cookies nos permitir\u00e1n hacer un seguimiento de sus b\u00fasquedas y expirar\u00e1n tras unos minutos de inactividad. No permita que nadie acceda a su informaci\u00f3n confidencial.<\/p>\n\t\t\t\t\t\t<\/div>\n\t\t\t\t<\/div>\n\t\t\t\t<div class=\"elementor-element elementor-element-22b3177 elementor-widget elementor-widget-text-editor\" data-id=\"22b3177\" data-element_type=\"widget\" data-widget_type=\"text-editor.default\">\n\t\t\t\t<div class=\"elementor-widget-container\">\n\t\t\t\t\t\t\t<p>Si tiene alguna pregunta sobre la cl\u00e1usula de exenci\u00f3n de responsabilidad o la declaraci\u00f3n de privacidad, p\u00f3ngase en contacto con<\/p>\n\t\t\t\t\t\t<\/div>\n\t\t\t\t<\/div>\n\t\t\t\t<div class=\"elementor-element elementor-element-fde1c0b elementor-widget elementor-widget-text-editor\" data-id=\"fde1c0b\" data-element_type=\"widget\" data-widget_type=\"text-editor.default\">\n\t\t\t\t<div class=\"elementor-widget-container\">\n\t\t\t\t\t\t\tDIGITAL SEARCH AND SELECTION S.L<br>\r\n127-135 Calle Casp esc B 4-2<br>\r\n08013 Barcelona \u2013 Spain<br>\r\nCIF: B67180786<br>\r\nEmail :\u00a0<a style=\"color: #f76630;\" href=\"mailto:contact@digital-selection.com\" target=\"_blank\" rel=\"noopener\">contact@digital-selection.com<\/a><\/p>\t\t\t\t\t\t<\/div>\n\t\t\t\t<\/div>\n\t\t\t\t\t<\/div>\n\t\t<\/div>\n\t\t\t\t\t<\/div>\n\t\t<\/section>\n\t\t\t\t<\/div>\n\t\t","protected":false},"excerpt":{"rendered":"<p>POL\u00cdTICA DE CONFIDENCIALIDAD Digital Search and Selection SL es el titular de la p\u00e1gina web &#8220;https:\/\/www.digital-selection.com\u201d Para cualquier consulta, sugerencia o queja el usuario de la p\u00e1gina web puede dirigirse a las oficinas de nuestra empresa indicadas en la direcci\u00f3n antes mencionada, o a la direcci\u00f3n de correo electr\u00f3nico contact@digital-selection.com Propiedad intelectual El sitio y [&hellip;]<\/p>\n","protected":false},"author":4,"featured_media":0,"parent":0,"menu_order":0,"comment_status":"closed","ping_status":"closed","template":"elementor_header_footer","meta":{"footnotes":""},"class_list":["post-6509","page","type-page","status-publish","hentry"],"acf":[],"yoast_head":"<!-- This site is optimized with the Yoast SEO plugin v23.6 - https:\/\/yoast.com\/wordpress\/plugins\/seo\/ -->\n<title>POL\u00cdTICA DE CONFIDENCIALIDAD | Digital Selection<\/title>\n<meta name=\"description\" content=\"Digital Search and Selection SL es el titular de la p\u00e1gina web &quot;https:\/\/www.digital-selection.com&quot;. Para cualquier duda, sugerencia o reclamaci\u00f3n el usuario de la p\u00e1gina web puede dirigirse a las oficinas de nuestra empresa .\" \/>\n<meta name=\"robots\" content=\"index, follow, max-snippet:-1, max-image-preview:large, max-video-preview:-1\" \/>\n<link rel=\"canonical\" href=\"https:\/\/www.digital-selection.com\/privacy-policy\/\" \/>\n<meta property=\"og:locale\" content=\"es_ES\" \/>\n<meta property=\"og:type\" content=\"article\" \/>\n<meta property=\"og:title\" content=\"POL\u00cdTICA DE CONFIDENCIALIDAD | Digital Selection\" \/>\n<meta property=\"og:description\" content=\"Digital Search and Selection SL es el titular de la p\u00e1gina web &quot;https:\/\/www.digital-selection.com&quot;. Para cualquier duda, sugerencia o reclamaci\u00f3n el usuario de la p\u00e1gina web puede dirigirse a las oficinas de nuestra empresa .\" \/>\n<meta property=\"og:url\" content=\"https:\/\/www.digital-selection.com\/privacy-policy\/\" \/>\n<meta property=\"og:site_name\" content=\"Digital Selection\" \/>\n<meta property=\"article:modified_time\" content=\"2023-10-04T15:02:49+00:00\" \/>\n<meta name=\"twitter:card\" content=\"summary_large_image\" \/>\n<meta name=\"twitter:label1\" content=\"Est. reading time\" \/>\n\t<meta name=\"twitter:data1\" content=\"2 minutos\" \/>\n<script type=\"application\/ld+json\" class=\"yoast-schema-graph\">{\"@context\":\"https:\/\/schema.org\",\"@graph\":[{\"@type\":\"WebPage\",\"@id\":\"https:\/\/www.digital-selection.com\/privacy-policy\/\",\"url\":\"https:\/\/www.digital-selection.com\/privacy-policy\/\",\"name\":\"POL\u00cdTICA DE CONFIDENCIALIDAD | Digital Selection\",\"isPartOf\":{\"@id\":\"https:\/\/www.digital-selection.com\/fr\/#website\"},\"datePublished\":\"2023-10-04T14:54:46+00:00\",\"dateModified\":\"2023-10-04T15:02:49+00:00\",\"description\":\"Digital Search and Selection SL es el titular de la p\u00e1gina web \\\"https:\/\/www.digital-selection.com\\\". Para cualquier duda, sugerencia o reclamaci\u00f3n el usuario de la p\u00e1gina web puede dirigirse a las oficinas de nuestra empresa .\",\"breadcrumb\":{\"@id\":\"https:\/\/www.digital-selection.com\/privacy-policy\/#breadcrumb\"},\"inLanguage\":\"es\",\"potentialAction\":[{\"@type\":\"ReadAction\",\"target\":[\"https:\/\/www.digital-selection.com\/privacy-policy\/\"]}]},{\"@type\":\"BreadcrumbList\",\"@id\":\"https:\/\/www.digital-selection.com\/privacy-policy\/#breadcrumb\",\"itemListElement\":[{\"@type\":\"ListItem\",\"position\":1,\"name\":\"Home\",\"item\":\"https:\/\/www.digital-selection.com\/\"},{\"@type\":\"ListItem\",\"position\":2,\"name\":\"POL\u00cdTICA DE CONFIDENCIALIDAD\"}]},{\"@type\":\"WebSite\",\"@id\":\"https:\/\/www.digital-selection.com\/fr\/#website\",\"url\":\"https:\/\/www.digital-selection.com\/fr\/\",\"name\":\"Digital Selection\",\"description\":\"The experience to help companies and individuals thrive\",\"publisher\":{\"@id\":\"https:\/\/www.digital-selection.com\/fr\/#organization\"},\"potentialAction\":[{\"@type\":\"SearchAction\",\"target\":{\"@type\":\"EntryPoint\",\"urlTemplate\":\"https:\/\/www.digital-selection.com\/fr\/?s={search_term_string}\"},\"query-input\":{\"@type\":\"PropertyValueSpecification\",\"valueRequired\":true,\"valueName\":\"search_term_string\"}}],\"inLanguage\":\"es\"},{\"@type\":\"Organization\",\"@id\":\"https:\/\/www.digital-selection.com\/fr\/#organization\",\"name\":\"Digital Selection\",\"url\":\"https:\/\/www.digital-selection.com\/fr\/\",\"logo\":{\"@type\":\"ImageObject\",\"inLanguage\":\"es\",\"@id\":\"https:\/\/www.digital-selection.com\/fr\/#\/schema\/logo\/image\/\",\"url\":\"https:\/\/www.digital-selection.com\/wp-content\/uploads\/2020\/09\/favicon-1.png\",\"contentUrl\":\"https:\/\/www.digital-selection.com\/wp-content\/uploads\/2020\/09\/favicon-1.png\",\"width\":512,\"height\":512,\"caption\":\"Digital Selection\"},\"image\":{\"@id\":\"https:\/\/www.digital-selection.com\/fr\/#\/schema\/logo\/image\/\"},\"sameAs\":[\"https:\/\/www.linkedin.com\/company\/digital-selection\/\"]}]}<\/script>\n<!-- \/ Yoast SEO plugin. -->","yoast_head_json":{"title":"POL\u00cdTICA DE CONFIDENCIALIDAD | Digital Selection","description":"Digital Search and Selection SL es el titular de la p\u00e1gina web \"https:\/\/www.digital-selection.com\". Para cualquier duda, sugerencia o reclamaci\u00f3n el usuario de la p\u00e1gina web puede dirigirse a las oficinas de nuestra empresa .","robots":{"index":"index","follow":"follow","max-snippet":"max-snippet:-1","max-image-preview":"max-image-preview:large","max-video-preview":"max-video-preview:-1"},"canonical":"https:\/\/www.digital-selection.com\/privacy-policy\/","og_locale":"es_ES","og_type":"article","og_title":"POL\u00cdTICA DE CONFIDENCIALIDAD | Digital Selection","og_description":"Digital Search and Selection SL es el titular de la p\u00e1gina web \"https:\/\/www.digital-selection.com\". Para cualquier duda, sugerencia o reclamaci\u00f3n el usuario de la p\u00e1gina web puede dirigirse a las oficinas de nuestra empresa .","og_url":"https:\/\/www.digital-selection.com\/privacy-policy\/","og_site_name":"Digital Selection","article_modified_time":"2023-10-04T15:02:49+00:00","twitter_card":"summary_large_image","twitter_misc":{"Est. reading time":"2 minutos"},"schema":{"@context":"https:\/\/schema.org","@graph":[{"@type":"WebPage","@id":"https:\/\/www.digital-selection.com\/privacy-policy\/","url":"https:\/\/www.digital-selection.com\/privacy-policy\/","name":"POL\u00cdTICA DE CONFIDENCIALIDAD | Digital Selection","isPartOf":{"@id":"https:\/\/www.digital-selection.com\/fr\/#website"},"datePublished":"2023-10-04T14:54:46+00:00","dateModified":"2023-10-04T15:02:49+00:00","description":"Digital Search and Selection SL es el titular de la p\u00e1gina web \"https:\/\/www.digital-selection.com\". Para cualquier duda, sugerencia o reclamaci\u00f3n el usuario de la p\u00e1gina web puede dirigirse a las oficinas de nuestra empresa .","breadcrumb":{"@id":"https:\/\/www.digital-selection.com\/privacy-policy\/#breadcrumb"},"inLanguage":"es","potentialAction":[{"@type":"ReadAction","target":["https:\/\/www.digital-selection.com\/privacy-policy\/"]}]},{"@type":"BreadcrumbList","@id":"https:\/\/www.digital-selection.com\/privacy-policy\/#breadcrumb","itemListElement":[{"@type":"ListItem","position":1,"name":"Home","item":"https:\/\/www.digital-selection.com\/"},{"@type":"ListItem","position":2,"name":"POL\u00cdTICA DE CONFIDENCIALIDAD"}]},{"@type":"WebSite","@id":"https:\/\/www.digital-selection.com\/fr\/#website","url":"https:\/\/www.digital-selection.com\/fr\/","name":"Digital Selection","description":"The experience to help companies and individuals thrive","publisher":{"@id":"https:\/\/www.digital-selection.com\/fr\/#organization"},"potentialAction":[{"@type":"SearchAction","target":{"@type":"EntryPoint","urlTemplate":"https:\/\/www.digital-selection.com\/fr\/?s={search_term_string}"},"query-input":{"@type":"PropertyValueSpecification","valueRequired":true,"valueName":"search_term_string"}}],"inLanguage":"es"},{"@type":"Organization","@id":"https:\/\/www.digital-selection.com\/fr\/#organization","name":"Digital Selection","url":"https:\/\/www.digital-selection.com\/fr\/","logo":{"@type":"ImageObject","inLanguage":"es","@id":"https:\/\/www.digital-selection.com\/fr\/#\/schema\/logo\/image\/","url":"https:\/\/www.digital-selection.com\/wp-content\/uploads\/2020\/09\/favicon-1.png","contentUrl":"https:\/\/www.digital-selection.com\/wp-content\/uploads\/2020\/09\/favicon-1.png","width":512,"height":512,"caption":"Digital Selection"},"image":{"@id":"https:\/\/www.digital-selection.com\/fr\/#\/schema\/logo\/image\/"},"sameAs":["https:\/\/www.linkedin.com\/company\/digital-selection\/"]}]}},"_links":{"self":[{"href":"https:\/\/www.digital-selection.com\/es\/wp-json\/wp\/v2\/pages\/6509"}],"collection":[{"href":"https:\/\/www.digital-selection.com\/es\/wp-json\/wp\/v2\/pages"}],"about":[{"href":"https:\/\/www.digital-selection.com\/es\/wp-json\/wp\/v2\/types\/page"}],"author":[{"embeddable":true,"href":"https:\/\/www.digital-selection.com\/es\/wp-json\/wp\/v2\/users\/4"}],"replies":[{"embeddable":true,"href":"https:\/\/www.digital-selection.com\/es\/wp-json\/wp\/v2\/comments?post=6509"}],"version-history":[{"count":19,"href":"https:\/\/www.digital-selection.com\/es\/wp-json\/wp\/v2\/pages\/6509\/revisions"}],"predecessor-version":[{"id":6528,"href":"https:\/\/www.digital-selection.com\/es\/wp-json\/wp\/v2\/pages\/6509\/revisions\/6528"}],"wp:attachment":[{"href":"https:\/\/www.digital-selection.com\/es\/wp-json\/wp\/v2\/media?parent=6509"}],"curies":[{"name":"wp","href":"https:\/\/api.w.org\/{rel}","templated":true}]}}